{"id":396,"date":"2023-01-12T14:08:50","date_gmt":"2023-01-12T13:08:50","guid":{"rendered":"https:\/\/2021.pasivnidomy.cz\/?page_id=396"},"modified":"2023-01-20T13:04:11","modified_gmt":"2023-01-20T12:04:11","slug":"konference-2021","status":"publish","type":"page","link":"https:\/\/2021.pasivnidomy.cz\/en\/","title":{"rendered":"14.&nbsp;mezin\u00e1rodn\u00ed konference Centra pasivn\u00edho domu"},"content":{"rendered":"<p class=\"qtranxs-available-languages-message qtranxs-available-languages-message-en\">Sorry, this entry is only available in <a href=\"https:\/\/2021.pasivnidomy.cz\/cs\/wp-json\/wp\/v2\/pages\/396\" class=\"qtranxs-available-language-link qtranxs-available-language-link-cs\" title=\"\u010ce\u0161tina\">Czech<\/a>.<\/p><p>\u00a8<\/p>","protected":false},"excerpt":{"rendered":"<p>Sorry, this entry is only available in Czech.\u00a8<\/p>\n","protected":false},"author":7,"featured_media":0,"parent":0,"menu_order":0,"comment_status":"closed","ping_status":"closed","template":"page-templates\/homepage.php","meta":[],"acf":[],"aioseo_notices":[],"_links":{"self":[{"href":"https:\/\/2021.pasivnidomy.cz\/en\/wp-json\/wp\/v2\/pages\/396"}],"collection":[{"href":"https:\/\/2021.pasivnidomy.cz\/en\/wp-json\/wp\/v2\/pages"}],"about":[{"href":"https:\/\/2021.pasivnidomy.cz\/en\/wp-json\/wp\/v2\/types\/page"}],"author":[{"embeddable":true,"href":"https:\/\/2021.pasivnidomy.cz\/en\/wp-json\/wp\/v2\/users\/7"}],"replies":[{"embeddable":true,"href":"https:\/\/2021.pasivnidomy.cz\/en\/wp-json\/wp\/v2\/comments?post=396"}],"version-history":[{"count":6,"href":"https:\/\/2021.pasivnidomy.cz\/en\/wp-json\/wp\/v2\/pages\/396\/revisions"}],"predecessor-version":[{"id":405,"href":"https:\/\/2021.pasivnidomy.cz\/en\/wp-json\/wp\/v2\/pages\/396\/revisions\/405"}],"wp:attachment":[{"href":"https:\/\/2021.pasivnidomy.cz\/en\/wp-json\/wp\/v2\/media?parent=396"}],"curies":[{"name":"wp","href":"https:\/\/api.w.org\/{rel}","templated":true}]}}